{"id":6,"date":"2024-12-04T11:07:26","date_gmt":"2024-12-04T14:07:26","guid":{"rendered":"https:\/\/fdr.org.br\/cearamaisdigital\/home\/"},"modified":"2025-11-19T11:00:11","modified_gmt":"2025-11-19T14:00:11","slug":"home","status":"publish","type":"page","link":"https:\/\/fdr.org.br\/cearamaisdigital\/","title":{"rendered":"Home"},"content":{"rendered":"","protected":false},"excerpt":{"rendered":"","protected":false},"author":1,"featured_media":0,"parent":0,"menu_order":0,"comment_status":"closed","ping_status":"closed","template":"","meta":[],"class_list":["post-6","page","type-page","status-publish","hentry"],"yoast_head":"<!-- This site is optimized with the Yoast SEO plugin v23.3 - https:\/\/yoast.com\/wordpress\/plugins\/seo\/ -->\n<title>Home - Cear\u00e1 Mais Digital: transformando a gest\u00e3o p\u00fablica<\/title>\n<meta name=\"robots\" content=\"index, follow, max-snippet:-1, max-image-preview:large, max-video-preview:-1\" \/>\n<link rel=\"canonical\" href=\"https:\/\/fdr.org.br\/cearamaisdigital\/\" \/>\n<meta property=\"og:locale\" content=\"pt_BR\" \/>\n<meta property=\"og:type\" content=\"article\" \/>\n<meta property=\"og:title\" content=\"Home - Cear\u00e1 Mais Digital: transformando a gest\u00e3o p\u00fablica\" \/>\n<meta property=\"og:url\" content=\"https:\/\/fdr.org.br\/cearamaisdigital\/\" \/>\n<meta property=\"og:site_name\" content=\"Cear\u00e1 Mais Digital: transformando a gest\u00e3o p\u00fablica\" \/>\n<meta property=\"article:modified_time\" content=\"2025-11-19T14:00:11+00:00\" \/>\n<meta name=\"twitter:card\" content=\"summary_large_image\" \/>\n<script type=\"application\/ld+json\" class=\"yoast-schema-graph\">{\"@context\":\"https:\/\/schema.org\",\"@graph\":[{\"@type\":\"WebPage\",\"@id\":\"https:\/\/fdr.org.br\/cearamaisdigital\/\",\"url\":\"https:\/\/fdr.org.br\/cearamaisdigital\/\",\"name\":\"Home - Cear\u00e1 Mais Digital: transformando a gest\u00e3o p\u00fablica\",\"isPartOf\":{\"@id\":\"https:\/\/fdr.org.br\/cearamaisdigital\/#website\"},\"datePublished\":\"2024-12-04T14:07:26+00:00\",\"dateModified\":\"2025-11-19T14:00:11+00:00\",\"breadcrumb\":{\"@id\":\"https:\/\/fdr.org.br\/cearamaisdigital\/#breadcrumb\"},\"inLanguage\":\"pt-BR\",\"potentialAction\":[{\"@type\":\"ReadAction\",\"target\":[\"https:\/\/fdr.org.br\/cearamaisdigital\/\"]}]},{\"@type\":\"BreadcrumbList\",\"@id\":\"https:\/\/fdr.org.br\/cearamaisdigital\/#breadcrumb\",\"itemListElement\":[{\"@type\":\"ListItem\",\"position\":1,\"name\":\"In\u00edcio\",\"item\":\"https:\/\/fdr.org.br\/cearamaisdigital\/\"},{\"@type\":\"ListItem\",\"position\":2,\"name\":\"Home\"}]},{\"@type\":\"WebSite\",\"@id\":\"https:\/\/fdr.org.br\/cearamaisdigital\/#website\",\"url\":\"https:\/\/fdr.org.br\/cearamaisdigital\/\",\"name\":\"Cear\u00e1 Mais Digital: transformando a gest\u00e3o p\u00fablica\",\"description\":\"A transforma\u00e7\u00e3o digital n\u00e3o \u00e9 apenas uma tend\u00eancia futurista. \u00c9 uma realidade. Conhe\u00e7a o Cear\u00e1 Mais Digital!\",\"potentialAction\":[{\"@type\":\"SearchAction\",\"target\":{\"@type\":\"EntryPoint\",\"urlTemplate\":\"https:\/\/fdr.org.br\/cearamaisdigital\/?s={search_term_string}\"},\"query-input\":\"required name=search_term_string\"}],\"inLanguage\":\"pt-BR\"}]}<\/script>\n<!-- \/ Yoast SEO plugin. -->","yoast_head_json":{"title":"Home - Cear\u00e1 Mais Digital: transformando a gest\u00e3o p\u00fablica","robots":{"index":"index","follow":"follow","max-snippet":"max-snippet:-1","max-image-preview":"max-image-preview:large","max-video-preview":"max-video-preview:-1"},"canonical":"https:\/\/fdr.org.br\/cearamaisdigital\/","og_locale":"pt_BR","og_type":"article","og_title":"Home - Cear\u00e1 Mais Digital: transformando a gest\u00e3o p\u00fablica","og_url":"https:\/\/fdr.org.br\/cearamaisdigital\/","og_site_name":"Cear\u00e1 Mais Digital: transformando a gest\u00e3o p\u00fablica","article_modified_time":"2025-11-19T14:00:11+00:00","twitter_card":"summary_large_image","schema":{"@context":"https:\/\/schema.org","@graph":[{"@type":"WebPage","@id":"https:\/\/fdr.org.br\/cearamaisdigital\/","url":"https:\/\/fdr.org.br\/cearamaisdigital\/","name":"Home - Cear\u00e1 Mais Digital: transformando a gest\u00e3o p\u00fablica","isPartOf":{"@id":"https:\/\/fdr.org.br\/cearamaisdigital\/#website"},"datePublished":"2024-12-04T14:07:26+00:00","dateModified":"2025-11-19T14:00:11+00:00","breadcrumb":{"@id":"https:\/\/fdr.org.br\/cearamaisdigital\/#breadcrumb"},"inLanguage":"pt-BR","potentialAction":[{"@type":"ReadAction","target":["https:\/\/fdr.org.br\/cearamaisdigital\/"]}]},{"@type":"BreadcrumbList","@id":"https:\/\/fdr.org.br\/cearamaisdigital\/#breadcrumb","itemListElement":[{"@type":"ListItem","position":1,"name":"In\u00edcio","item":"https:\/\/fdr.org.br\/cearamaisdigital\/"},{"@type":"ListItem","position":2,"name":"Home"}]},{"@type":"WebSite","@id":"https:\/\/fdr.org.br\/cearamaisdigital\/#website","url":"https:\/\/fdr.org.br\/cearamaisdigital\/","name":"Cear\u00e1 Mais Digital: transformando a gest\u00e3o p\u00fablica","description":"A transforma\u00e7\u00e3o digital n\u00e3o \u00e9 apenas uma tend\u00eancia futurista. \u00c9 uma realidade. Conhe\u00e7a o Cear\u00e1 Mais Digital!","potentialAction":[{"@type":"SearchAction","target":{"@type":"EntryPoint","urlTemplate":"https:\/\/fdr.org.br\/cearamaisdigital\/?s={search_term_string}"},"query-input":"required name=search_term_string"}],"inLanguage":"pt-BR"}]}},"_links":{"self":[{"href":"https:\/\/fdr.org.br\/cearamaisdigital\/wp-json\/wp\/v2\/pages\/6","targetHints":{"allow":["GET"]}}],"collection":[{"href":"https:\/\/fdr.org.br\/cearamaisdigital\/wp-json\/wp\/v2\/pages"}],"about":[{"href":"https:\/\/fdr.org.br\/cearamaisdigital\/wp-json\/wp\/v2\/types\/page"}],"author":[{"embeddable":true,"href":"https:\/\/fdr.org.br\/cearamaisdigital\/wp-json\/wp\/v2\/users\/1"}],"replies":[{"embeddable":true,"href":"https:\/\/fdr.org.br\/cearamaisdigital\/wp-json\/wp\/v2\/comments?post=6"}],"version-history":[{"count":1,"href":"https:\/\/fdr.org.br\/cearamaisdigital\/wp-json\/wp\/v2\/pages\/6\/revisions"}],"predecessor-version":[{"id":10,"href":"https:\/\/fdr.org.br\/cearamaisdigital\/wp-json\/wp\/v2\/pages\/6\/revisions\/10"}],"wp:attachment":[{"href":"https:\/\/fdr.org.br\/cearamaisdigital\/wp-json\/wp\/v2\/media?parent=6"}],"curies":[{"name":"wp","href":"https:\/\/api.w.org\/{rel}","templated":true}]}}