{"id":6,"date":"2024-07-03T18:20:50","date_gmt":"2024-07-03T21:20:50","guid":{"rendered":"https:\/\/fdr.org.br\/palcovidaearte\/home\/"},"modified":"2025-11-10T10:45:35","modified_gmt":"2025-11-10T13:45:35","slug":"home","status":"publish","type":"page","link":"https:\/\/fdr.org.br\/palcovidaearte\/","title":{"rendered":"Home"},"content":{"rendered":"","protected":false},"excerpt":{"rendered":"","protected":false},"author":1,"featured_media":0,"parent":0,"menu_order":0,"comment_status":"closed","ping_status":"closed","template":"","meta":[],"class_list":["post-6","page","type-page","status-publish","hentry"],"yoast_head":"<!-- This site is optimized with the Yoast SEO plugin v23.3 - https:\/\/yoast.com\/wordpress\/plugins\/seo\/ -->\n<title>Home - Palco Vida &amp; Arte: cultura do Cear\u00e1 \u00e9 aqui<\/title>\n<meta name=\"robots\" content=\"index, follow, max-snippet:-1, max-image-preview:large, max-video-preview:-1\" \/>\n<link rel=\"canonical\" href=\"https:\/\/fdr.org.br\/palcovidaearte\/\" \/>\n<meta property=\"og:locale\" content=\"pt_BR\" \/>\n<meta property=\"og:type\" content=\"article\" \/>\n<meta property=\"og:title\" content=\"Home - Palco Vida &amp; Arte: cultura do Cear\u00e1 \u00e9 aqui\" \/>\n<meta property=\"og:url\" content=\"https:\/\/fdr.org.br\/palcovidaearte\/\" \/>\n<meta property=\"og:site_name\" content=\"Palco Vida &amp; Arte: cultura do Cear\u00e1 \u00e9 aqui\" \/>\n<meta property=\"article:modified_time\" content=\"2025-11-10T13:45:35+00:00\" \/>\n<meta name=\"twitter:card\" content=\"summary_large_image\" \/>\n<script type=\"application\/ld+json\" class=\"yoast-schema-graph\">{\"@context\":\"https:\/\/schema.org\",\"@graph\":[{\"@type\":\"WebPage\",\"@id\":\"https:\/\/fdr.org.br\/palcovidaearte\/\",\"url\":\"https:\/\/fdr.org.br\/palcovidaearte\/\",\"name\":\"Home - Palco Vida &amp; Arte: cultura do Cear\u00e1 \u00e9 aqui\",\"isPartOf\":{\"@id\":\"https:\/\/fdr.org.br\/palcovidaearte\/#website\"},\"datePublished\":\"2024-07-03T21:20:50+00:00\",\"dateModified\":\"2025-11-10T13:45:35+00:00\",\"breadcrumb\":{\"@id\":\"https:\/\/fdr.org.br\/palcovidaearte\/#breadcrumb\"},\"inLanguage\":\"pt-BR\",\"potentialAction\":[{\"@type\":\"ReadAction\",\"target\":[\"https:\/\/fdr.org.br\/palcovidaearte\/\"]}]},{\"@type\":\"BreadcrumbList\",\"@id\":\"https:\/\/fdr.org.br\/palcovidaearte\/#breadcrumb\",\"itemListElement\":[{\"@type\":\"ListItem\",\"position\":1,\"name\":\"In\u00edcio\",\"item\":\"https:\/\/fdr.org.br\/palcovidaearte\/\"},{\"@type\":\"ListItem\",\"position\":2,\"name\":\"Home\"}]},{\"@type\":\"WebSite\",\"@id\":\"https:\/\/fdr.org.br\/palcovidaearte\/#website\",\"url\":\"https:\/\/fdr.org.br\/palcovidaearte\/\",\"name\":\"Palco Vida &amp; Arte: cultura do Cear\u00e1 \u00e9 aqui\",\"description\":\"Tudo o que voc\u00ea precisa saber sobre a edi\u00e7\u00e3o do Palco Vida &amp; Arte \u00e9 aqui. Clique aqui e saiba mais sobre o evento!\",\"potentialAction\":[{\"@type\":\"SearchAction\",\"target\":{\"@type\":\"EntryPoint\",\"urlTemplate\":\"https:\/\/fdr.org.br\/palcovidaearte\/?s={search_term_string}\"},\"query-input\":\"required name=search_term_string\"}],\"inLanguage\":\"pt-BR\"}]}<\/script>\n<!-- \/ Yoast SEO plugin. -->","yoast_head_json":{"title":"Home - Palco Vida &amp; Arte: cultura do Cear\u00e1 \u00e9 aqui","robots":{"index":"index","follow":"follow","max-snippet":"max-snippet:-1","max-image-preview":"max-image-preview:large","max-video-preview":"max-video-preview:-1"},"canonical":"https:\/\/fdr.org.br\/palcovidaearte\/","og_locale":"pt_BR","og_type":"article","og_title":"Home - Palco Vida &amp; Arte: cultura do Cear\u00e1 \u00e9 aqui","og_url":"https:\/\/fdr.org.br\/palcovidaearte\/","og_site_name":"Palco Vida &amp; Arte: cultura do Cear\u00e1 \u00e9 aqui","article_modified_time":"2025-11-10T13:45:35+00:00","twitter_card":"summary_large_image","schema":{"@context":"https:\/\/schema.org","@graph":[{"@type":"WebPage","@id":"https:\/\/fdr.org.br\/palcovidaearte\/","url":"https:\/\/fdr.org.br\/palcovidaearte\/","name":"Home - Palco Vida &amp; Arte: cultura do Cear\u00e1 \u00e9 aqui","isPartOf":{"@id":"https:\/\/fdr.org.br\/palcovidaearte\/#website"},"datePublished":"2024-07-03T21:20:50+00:00","dateModified":"2025-11-10T13:45:35+00:00","breadcrumb":{"@id":"https:\/\/fdr.org.br\/palcovidaearte\/#breadcrumb"},"inLanguage":"pt-BR","potentialAction":[{"@type":"ReadAction","target":["https:\/\/fdr.org.br\/palcovidaearte\/"]}]},{"@type":"BreadcrumbList","@id":"https:\/\/fdr.org.br\/palcovidaearte\/#breadcrumb","itemListElement":[{"@type":"ListItem","position":1,"name":"In\u00edcio","item":"https:\/\/fdr.org.br\/palcovidaearte\/"},{"@type":"ListItem","position":2,"name":"Home"}]},{"@type":"WebSite","@id":"https:\/\/fdr.org.br\/palcovidaearte\/#website","url":"https:\/\/fdr.org.br\/palcovidaearte\/","name":"Palco Vida &amp; Arte: cultura do Cear\u00e1 \u00e9 aqui","description":"Tudo o que voc\u00ea precisa saber sobre a edi\u00e7\u00e3o do Palco Vida &amp; Arte \u00e9 aqui. Clique aqui e saiba mais sobre o evento!","potentialAction":[{"@type":"SearchAction","target":{"@type":"EntryPoint","urlTemplate":"https:\/\/fdr.org.br\/palcovidaearte\/?s={search_term_string}"},"query-input":"required name=search_term_string"}],"inLanguage":"pt-BR"}]}},"_links":{"self":[{"href":"https:\/\/fdr.org.br\/palcovidaearte\/wp-json\/wp\/v2\/pages\/6","targetHints":{"allow":["GET"]}}],"collection":[{"href":"https:\/\/fdr.org.br\/palcovidaearte\/wp-json\/wp\/v2\/pages"}],"about":[{"href":"https:\/\/fdr.org.br\/palcovidaearte\/wp-json\/wp\/v2\/types\/page"}],"author":[{"embeddable":true,"href":"https:\/\/fdr.org.br\/palcovidaearte\/wp-json\/wp\/v2\/users\/1"}],"replies":[{"embeddable":true,"href":"https:\/\/fdr.org.br\/palcovidaearte\/wp-json\/wp\/v2\/comments?post=6"}],"version-history":[{"count":1,"href":"https:\/\/fdr.org.br\/palcovidaearte\/wp-json\/wp\/v2\/pages\/6\/revisions"}],"predecessor-version":[{"id":10,"href":"https:\/\/fdr.org.br\/palcovidaearte\/wp-json\/wp\/v2\/pages\/6\/revisions\/10"}],"wp:attachment":[{"href":"https:\/\/fdr.org.br\/palcovidaearte\/wp-json\/wp\/v2\/media?parent=6"}],"curies":[{"name":"wp","href":"https:\/\/api.w.org\/{rel}","templated":true}]}}