{"id":6,"date":"2025-08-06T17:04:15","date_gmt":"2025-08-06T20:04:15","guid":{"rendered":"https:\/\/fdr.org.br\/premioliterario\/home\/"},"modified":"2025-08-18T14:53:07","modified_gmt":"2025-08-18T17:53:07","slug":"home","status":"publish","type":"page","link":"https:\/\/fdr.org.br\/premioliterario\/","title":{"rendered":"Home"},"content":{"rendered":"","protected":false},"excerpt":{"rendered":"","protected":false},"author":11,"featured_media":0,"parent":0,"menu_order":0,"comment_status":"closed","ping_status":"closed","template":"","meta":{"footnotes":""},"class_list":["post-6","page","type-page","status-publish","hentry"],"yoast_head":"<!-- This site is optimized with the Yoast SEO plugin v23.3 - https:\/\/yoast.com\/wordpress\/plugins\/seo\/ -->\n<title>Home - Pr\u00eamio Liter\u00e1rio Dem\u00f3crito Rocha<\/title>\n<meta name=\"robots\" content=\"index, follow, max-snippet:-1, max-image-preview:large, max-video-preview:-1\" \/>\n<link rel=\"canonical\" href=\"https:\/\/fdr.org.br\/premioliterario\/\" \/>\n<meta property=\"og:locale\" content=\"pt_BR\" \/>\n<meta property=\"og:type\" content=\"article\" \/>\n<meta property=\"og:title\" content=\"Home - Pr\u00eamio Liter\u00e1rio Dem\u00f3crito Rocha\" \/>\n<meta property=\"og:url\" content=\"https:\/\/fdr.org.br\/premioliterario\/\" \/>\n<meta property=\"og:site_name\" content=\"Pr\u00eamio Liter\u00e1rio Dem\u00f3crito Rocha\" \/>\n<meta property=\"article:modified_time\" content=\"2025-08-18T17:53:07+00:00\" \/>\n<meta name=\"twitter:card\" content=\"summary_large_image\" \/>\n<script type=\"application\/ld+json\" class=\"yoast-schema-graph\">{\"@context\":\"https:\/\/schema.org\",\"@graph\":[{\"@type\":\"WebPage\",\"@id\":\"https:\/\/fdr.org.br\/premioliterario\/\",\"url\":\"https:\/\/fdr.org.br\/premioliterario\/\",\"name\":\"Home - Pr\u00eamio Liter\u00e1rio Dem\u00f3crito Rocha\",\"isPartOf\":{\"@id\":\"https:\/\/fdr.org.br\/premioliterario\/#website\"},\"datePublished\":\"2025-08-06T20:04:15+00:00\",\"dateModified\":\"2025-08-18T17:53:07+00:00\",\"breadcrumb\":{\"@id\":\"https:\/\/fdr.org.br\/premioliterario\/#breadcrumb\"},\"inLanguage\":\"pt-BR\",\"potentialAction\":[{\"@type\":\"ReadAction\",\"target\":[\"https:\/\/fdr.org.br\/premioliterario\/\"]}]},{\"@type\":\"BreadcrumbList\",\"@id\":\"https:\/\/fdr.org.br\/premioliterario\/#breadcrumb\",\"itemListElement\":[{\"@type\":\"ListItem\",\"position\":1,\"name\":\"In\u00edcio\",\"item\":\"https:\/\/fdr.org.br\/premioliterario\/\"},{\"@type\":\"ListItem\",\"position\":2,\"name\":\"Home\"}]},{\"@type\":\"WebSite\",\"@id\":\"https:\/\/fdr.org.br\/premioliterario\/#website\",\"url\":\"https:\/\/fdr.org.br\/premioliterario\/\",\"name\":\"Pr\u00eamio Liter\u00e1rio Dem\u00f3crito Rocha\",\"description\":\"\",\"potentialAction\":[{\"@type\":\"SearchAction\",\"target\":{\"@type\":\"EntryPoint\",\"urlTemplate\":\"https:\/\/fdr.org.br\/premioliterario\/?s={search_term_string}\"},\"query-input\":\"required name=search_term_string\"}],\"inLanguage\":\"pt-BR\"}]}<\/script>\n<!-- \/ Yoast SEO plugin. -->","yoast_head_json":{"title":"Home - Pr\u00eamio Liter\u00e1rio Dem\u00f3crito Rocha","robots":{"index":"index","follow":"follow","max-snippet":"max-snippet:-1","max-image-preview":"max-image-preview:large","max-video-preview":"max-video-preview:-1"},"canonical":"https:\/\/fdr.org.br\/premioliterario\/","og_locale":"pt_BR","og_type":"article","og_title":"Home - Pr\u00eamio Liter\u00e1rio Dem\u00f3crito Rocha","og_url":"https:\/\/fdr.org.br\/premioliterario\/","og_site_name":"Pr\u00eamio Liter\u00e1rio Dem\u00f3crito Rocha","article_modified_time":"2025-08-18T17:53:07+00:00","twitter_card":"summary_large_image","schema":{"@context":"https:\/\/schema.org","@graph":[{"@type":"WebPage","@id":"https:\/\/fdr.org.br\/premioliterario\/","url":"https:\/\/fdr.org.br\/premioliterario\/","name":"Home - Pr\u00eamio Liter\u00e1rio Dem\u00f3crito Rocha","isPartOf":{"@id":"https:\/\/fdr.org.br\/premioliterario\/#website"},"datePublished":"2025-08-06T20:04:15+00:00","dateModified":"2025-08-18T17:53:07+00:00","breadcrumb":{"@id":"https:\/\/fdr.org.br\/premioliterario\/#breadcrumb"},"inLanguage":"pt-BR","potentialAction":[{"@type":"ReadAction","target":["https:\/\/fdr.org.br\/premioliterario\/"]}]},{"@type":"BreadcrumbList","@id":"https:\/\/fdr.org.br\/premioliterario\/#breadcrumb","itemListElement":[{"@type":"ListItem","position":1,"name":"In\u00edcio","item":"https:\/\/fdr.org.br\/premioliterario\/"},{"@type":"ListItem","position":2,"name":"Home"}]},{"@type":"WebSite","@id":"https:\/\/fdr.org.br\/premioliterario\/#website","url":"https:\/\/fdr.org.br\/premioliterario\/","name":"Pr\u00eamio Liter\u00e1rio Dem\u00f3crito Rocha","description":"","potentialAction":[{"@type":"SearchAction","target":{"@type":"EntryPoint","urlTemplate":"https:\/\/fdr.org.br\/premioliterario\/?s={search_term_string}"},"query-input":"required name=search_term_string"}],"inLanguage":"pt-BR"}]}},"_links":{"self":[{"href":"https:\/\/fdr.org.br\/premioliterario\/wp-json\/wp\/v2\/pages\/6","targetHints":{"allow":["GET"]}}],"collection":[{"href":"https:\/\/fdr.org.br\/premioliterario\/wp-json\/wp\/v2\/pages"}],"about":[{"href":"https:\/\/fdr.org.br\/premioliterario\/wp-json\/wp\/v2\/types\/page"}],"author":[{"embeddable":true,"href":"https:\/\/fdr.org.br\/premioliterario\/wp-json\/wp\/v2\/users\/11"}],"replies":[{"embeddable":true,"href":"https:\/\/fdr.org.br\/premioliterario\/wp-json\/wp\/v2\/comments?post=6"}],"version-history":[{"count":1,"href":"https:\/\/fdr.org.br\/premioliterario\/wp-json\/wp\/v2\/pages\/6\/revisions"}],"predecessor-version":[{"id":17,"href":"https:\/\/fdr.org.br\/premioliterario\/wp-json\/wp\/v2\/pages\/6\/revisions\/17"}],"wp:attachment":[{"href":"https:\/\/fdr.org.br\/premioliterario\/wp-json\/wp\/v2\/media?parent=6"}],"curies":[{"name":"wp","href":"https:\/\/api.w.org\/{rel}","templated":true}]}}