{"id":1066,"date":"2025-05-19T16:52:50","date_gmt":"2025-05-19T19:52:50","guid":{"rendered":"https:\/\/fdr.org.br\/uane\/?page_id=1066"},"modified":"2026-01-29T13:08:21","modified_gmt":"2026-01-29T16:08:21","slug":"educadores-para-inclusao","status":"publish","type":"page","link":"https:\/\/fdr.org.br\/uane\/educadores-para-inclusao\/","title":{"rendered":"Forma\u00e7\u00e3o de Educadores para a Inclus\u00e3o"},"content":{"rendered":"","protected":false},"excerpt":{"rendered":"","protected":false},"author":74,"featured_media":1307,"parent":0,"menu_order":0,"comment_status":"closed","ping_status":"closed","template":"","meta":[],"class_list":["post-1066","page","type-page","status-publish","has-post-thumbnail","hentry"],"yoast_head":"<!-- This site is optimized with the Yoast SEO plugin v23.3 - https:\/\/yoast.com\/wordpress\/plugins\/seo\/ -->\n<title>Forma\u00e7\u00e3o de Educadores para a Inclus\u00e3o - UANE<\/title>\n<meta name=\"robots\" content=\"index, follow, max-snippet:-1, max-image-preview:large, max-video-preview:-1\" \/>\n<link rel=\"canonical\" href=\"https:\/\/fdr.org.br\/uane\/educadores-para-inclusao\/\" \/>\n<meta property=\"og:locale\" content=\"pt_BR\" \/>\n<meta property=\"og:type\" content=\"article\" \/>\n<meta property=\"og:title\" content=\"Forma\u00e7\u00e3o de Educadores para a Inclus\u00e3o - UANE\" \/>\n<meta property=\"og:url\" content=\"https:\/\/fdr.org.br\/uane\/educadores-para-inclusao\/\" \/>\n<meta property=\"og:site_name\" content=\"UANE\" \/>\n<meta property=\"article:modified_time\" content=\"2026-01-29T16:08:21+00:00\" \/>\n<meta property=\"og:image\" content=\"https:\/\/fdr.org.br\/uane\/wp-content\/uploads\/sites\/13\/2025\/06\/Formacao-de-Educadores-para-Inclusao-2.jpg\" \/>\n\t<meta property=\"og:image:width\" content=\"306\" \/>\n\t<meta property=\"og:image:height\" content=\"306\" \/>\n\t<meta property=\"og:image:type\" content=\"image\/jpeg\" \/>\n<meta name=\"twitter:card\" content=\"summary_large_image\" \/>\n<meta name=\"twitter:label1\" content=\"Est. tempo de leitura\" \/>\n\t<meta name=\"twitter:data1\" content=\"1 minuto\" \/>\n<script type=\"application\/ld+json\" class=\"yoast-schema-graph\">{\"@context\":\"https:\/\/schema.org\",\"@graph\":[{\"@type\":\"WebPage\",\"@id\":\"https:\/\/fdr.org.br\/uane\/educadores-para-inclusao\/\",\"url\":\"https:\/\/fdr.org.br\/uane\/educadores-para-inclusao\/\",\"name\":\"Forma\u00e7\u00e3o de Educadores para a Inclus\u00e3o - UANE\",\"isPartOf\":{\"@id\":\"https:\/\/fdr.org.br\/uane\/#website\"},\"primaryImageOfPage\":{\"@id\":\"https:\/\/fdr.org.br\/uane\/educadores-para-inclusao\/#primaryimage\"},\"image\":{\"@id\":\"https:\/\/fdr.org.br\/uane\/educadores-para-inclusao\/#primaryimage\"},\"thumbnailUrl\":\"https:\/\/fdr.org.br\/uane\/wp-content\/uploads\/sites\/13\/2025\/06\/Formacao-de-Educadores-para-Inclusao-2.jpg\",\"datePublished\":\"2025-05-19T19:52:50+00:00\",\"dateModified\":\"2026-01-29T16:08:21+00:00\",\"breadcrumb\":{\"@id\":\"https:\/\/fdr.org.br\/uane\/educadores-para-inclusao\/#breadcrumb\"},\"inLanguage\":\"pt-BR\",\"potentialAction\":[{\"@type\":\"ReadAction\",\"target\":[\"https:\/\/fdr.org.br\/uane\/educadores-para-inclusao\/\"]}]},{\"@type\":\"ImageObject\",\"inLanguage\":\"pt-BR\",\"@id\":\"https:\/\/fdr.org.br\/uane\/educadores-para-inclusao\/#primaryimage\",\"url\":\"https:\/\/fdr.org.br\/uane\/wp-content\/uploads\/sites\/13\/2025\/06\/Formacao-de-Educadores-para-Inclusao-2.jpg\",\"contentUrl\":\"https:\/\/fdr.org.br\/uane\/wp-content\/uploads\/sites\/13\/2025\/06\/Formacao-de-Educadores-para-Inclusao-2.jpg\",\"width\":306,\"height\":306},{\"@type\":\"BreadcrumbList\",\"@id\":\"https:\/\/fdr.org.br\/uane\/educadores-para-inclusao\/#breadcrumb\",\"itemListElement\":[{\"@type\":\"ListItem\",\"position\":1,\"name\":\"Home\",\"item\":\"https:\/\/fdr.org.br\/uane\/\"},{\"@type\":\"ListItem\",\"position\":2,\"name\":\"Forma\u00e7\u00e3o de Educadores para a Inclus\u00e3o\"}]},{\"@type\":\"WebSite\",\"@id\":\"https:\/\/fdr.org.br\/uane\/#website\",\"url\":\"https:\/\/fdr.org.br\/uane\/\",\"name\":\"UANE\",\"description\":\"A Universidade Aberta do Nordeste (Uane), da Funda\u00e7\u00e3o Dem\u00f3crito Rocha, oferece cursos em tr\u00eas categorias: extens\u00e3o, t\u00e9cnico e livre.\",\"potentialAction\":[{\"@type\":\"SearchAction\",\"target\":{\"@type\":\"EntryPoint\",\"urlTemplate\":\"https:\/\/fdr.org.br\/uane\/?s={search_term_string}\"},\"query-input\":\"required name=search_term_string\"}],\"inLanguage\":\"pt-BR\"}]}<\/script>\n<!-- \/ Yoast SEO plugin. -->","yoast_head_json":{"title":"Forma\u00e7\u00e3o de Educadores para a Inclus\u00e3o - UANE","robots":{"index":"index","follow":"follow","max-snippet":"max-snippet:-1","max-image-preview":"max-image-preview:large","max-video-preview":"max-video-preview:-1"},"canonical":"https:\/\/fdr.org.br\/uane\/educadores-para-inclusao\/","og_locale":"pt_BR","og_type":"article","og_title":"Forma\u00e7\u00e3o de Educadores para a Inclus\u00e3o - UANE","og_url":"https:\/\/fdr.org.br\/uane\/educadores-para-inclusao\/","og_site_name":"UANE","article_modified_time":"2026-01-29T16:08:21+00:00","og_image":[{"width":306,"height":306,"url":"https:\/\/fdr.org.br\/uane\/wp-content\/uploads\/sites\/13\/2025\/06\/Formacao-de-Educadores-para-Inclusao-2.jpg","type":"image\/jpeg"}],"twitter_card":"summary_large_image","twitter_misc":{"Est. tempo de leitura":"1 minuto"},"schema":{"@context":"https:\/\/schema.org","@graph":[{"@type":"WebPage","@id":"https:\/\/fdr.org.br\/uane\/educadores-para-inclusao\/","url":"https:\/\/fdr.org.br\/uane\/educadores-para-inclusao\/","name":"Forma\u00e7\u00e3o de Educadores para a Inclus\u00e3o - UANE","isPartOf":{"@id":"https:\/\/fdr.org.br\/uane\/#website"},"primaryImageOfPage":{"@id":"https:\/\/fdr.org.br\/uane\/educadores-para-inclusao\/#primaryimage"},"image":{"@id":"https:\/\/fdr.org.br\/uane\/educadores-para-inclusao\/#primaryimage"},"thumbnailUrl":"https:\/\/fdr.org.br\/uane\/wp-content\/uploads\/sites\/13\/2025\/06\/Formacao-de-Educadores-para-Inclusao-2.jpg","datePublished":"2025-05-19T19:52:50+00:00","dateModified":"2026-01-29T16:08:21+00:00","breadcrumb":{"@id":"https:\/\/fdr.org.br\/uane\/educadores-para-inclusao\/#breadcrumb"},"inLanguage":"pt-BR","potentialAction":[{"@type":"ReadAction","target":["https:\/\/fdr.org.br\/uane\/educadores-para-inclusao\/"]}]},{"@type":"ImageObject","inLanguage":"pt-BR","@id":"https:\/\/fdr.org.br\/uane\/educadores-para-inclusao\/#primaryimage","url":"https:\/\/fdr.org.br\/uane\/wp-content\/uploads\/sites\/13\/2025\/06\/Formacao-de-Educadores-para-Inclusao-2.jpg","contentUrl":"https:\/\/fdr.org.br\/uane\/wp-content\/uploads\/sites\/13\/2025\/06\/Formacao-de-Educadores-para-Inclusao-2.jpg","width":306,"height":306},{"@type":"BreadcrumbList","@id":"https:\/\/fdr.org.br\/uane\/educadores-para-inclusao\/#breadcrumb","itemListElement":[{"@type":"ListItem","position":1,"name":"Home","item":"https:\/\/fdr.org.br\/uane\/"},{"@type":"ListItem","position":2,"name":"Forma\u00e7\u00e3o de Educadores para a Inclus\u00e3o"}]},{"@type":"WebSite","@id":"https:\/\/fdr.org.br\/uane\/#website","url":"https:\/\/fdr.org.br\/uane\/","name":"UANE","description":"A Universidade Aberta do Nordeste (Uane), da Funda\u00e7\u00e3o Dem\u00f3crito Rocha, oferece cursos em tr\u00eas categorias: extens\u00e3o, t\u00e9cnico e livre.","potentialAction":[{"@type":"SearchAction","target":{"@type":"EntryPoint","urlTemplate":"https:\/\/fdr.org.br\/uane\/?s={search_term_string}"},"query-input":"required name=search_term_string"}],"inLanguage":"pt-BR"}]}},"_links":{"self":[{"href":"https:\/\/fdr.org.br\/uane\/wp-json\/wp\/v2\/pages\/1066","targetHints":{"allow":["GET"]}}],"collection":[{"href":"https:\/\/fdr.org.br\/uane\/wp-json\/wp\/v2\/pages"}],"about":[{"href":"https:\/\/fdr.org.br\/uane\/wp-json\/wp\/v2\/types\/page"}],"author":[{"embeddable":true,"href":"https:\/\/fdr.org.br\/uane\/wp-json\/wp\/v2\/users\/74"}],"replies":[{"embeddable":true,"href":"https:\/\/fdr.org.br\/uane\/wp-json\/wp\/v2\/comments?post=1066"}],"version-history":[{"count":5,"href":"https:\/\/fdr.org.br\/uane\/wp-json\/wp\/v2\/pages\/1066\/revisions"}],"predecessor-version":[{"id":1583,"href":"https:\/\/fdr.org.br\/uane\/wp-json\/wp\/v2\/pages\/1066\/revisions\/1583"}],"wp:featuredmedia":[{"embeddable":true,"href":"https:\/\/fdr.org.br\/uane\/wp-json\/wp\/v2\/media\/1307"}],"wp:attachment":[{"href":"https:\/\/fdr.org.br\/uane\/wp-json\/wp\/v2\/media?parent=1066"}],"curies":[{"name":"wp","href":"https:\/\/api.w.org\/{rel}","templated":true}]}}