{"id":1177,"date":"2025-05-29T16:33:13","date_gmt":"2025-05-29T19:33:13","guid":{"rendered":"https:\/\/fdr.org.br\/uane\/?page_id=1177"},"modified":"2025-08-22T13:50:05","modified_gmt":"2025-08-22T16:50:05","slug":"prof-aurelio-nestor","status":"publish","type":"page","link":"https:\/\/fdr.org.br\/uane\/prof-aurelio-nestor\/","title":{"rendered":"Aur\u00e9lio Nestor"},"content":{"rendered":"","protected":false},"excerpt":{"rendered":"<p>Pesquisador da Coordena\u00e7\u00e3o de Aperfei\u00e7oamento de Pessoal (CAPES)<\/p>\n","protected":false},"author":22,"featured_media":1354,"parent":0,"menu_order":0,"comment_status":"closed","ping_status":"closed","template":"","meta":[],"class_list":["post-1177","page","type-page","status-publish","has-post-thumbnail","hentry"],"yoast_head":"<!-- This site is optimized with the Yoast SEO plugin v23.3 - https:\/\/yoast.com\/wordpress\/plugins\/seo\/ -->\n<title>Aur\u00e9lio Nestor - UANE<\/title>\n<meta name=\"robots\" content=\"index, follow, max-snippet:-1, max-image-preview:large, max-video-preview:-1\" \/>\n<link rel=\"canonical\" href=\"https:\/\/fdr.org.br\/uane\/prof-aurelio-nestor\/\" \/>\n<meta property=\"og:locale\" content=\"pt_BR\" \/>\n<meta property=\"og:type\" content=\"article\" \/>\n<meta property=\"og:title\" content=\"Aur\u00e9lio Nestor - UANE\" \/>\n<meta property=\"og:description\" content=\"Pesquisador da Coordena\u00e7\u00e3o de Aperfei\u00e7oamento de Pessoal (CAPES)\" \/>\n<meta property=\"og:url\" content=\"https:\/\/fdr.org.br\/uane\/prof-aurelio-nestor\/\" \/>\n<meta property=\"og:site_name\" content=\"UANE\" \/>\n<meta property=\"article:modified_time\" content=\"2025-08-22T16:50:05+00:00\" \/>\n<meta property=\"og:image\" content=\"https:\/\/fdr.org.br\/uane\/wp-content\/uploads\/sites\/13\/2025\/06\/profs6.png\" \/>\n\t<meta property=\"og:image:width\" content=\"1667\" \/>\n\t<meta property=\"og:image:height\" content=\"1250\" \/>\n\t<meta property=\"og:image:type\" content=\"image\/png\" \/>\n<meta name=\"twitter:card\" content=\"summary_large_image\" \/>\n<meta name=\"twitter:label1\" content=\"Est. tempo de leitura\" \/>\n\t<meta name=\"twitter:data1\" content=\"1 minuto\" \/>\n<script type=\"application\/ld+json\" class=\"yoast-schema-graph\">{\"@context\":\"https:\/\/schema.org\",\"@graph\":[{\"@type\":\"WebPage\",\"@id\":\"https:\/\/fdr.org.br\/uane\/prof-aurelio-nestor\/\",\"url\":\"https:\/\/fdr.org.br\/uane\/prof-aurelio-nestor\/\",\"name\":\"Aur\u00e9lio Nestor - UANE\",\"isPartOf\":{\"@id\":\"https:\/\/fdr.org.br\/uane\/#website\"},\"primaryImageOfPage\":{\"@id\":\"https:\/\/fdr.org.br\/uane\/prof-aurelio-nestor\/#primaryimage\"},\"image\":{\"@id\":\"https:\/\/fdr.org.br\/uane\/prof-aurelio-nestor\/#primaryimage\"},\"thumbnailUrl\":\"https:\/\/fdr.org.br\/uane\/wp-content\/uploads\/sites\/13\/2025\/06\/profs6.png\",\"datePublished\":\"2025-05-29T19:33:13+00:00\",\"dateModified\":\"2025-08-22T16:50:05+00:00\",\"breadcrumb\":{\"@id\":\"https:\/\/fdr.org.br\/uane\/prof-aurelio-nestor\/#breadcrumb\"},\"inLanguage\":\"pt-BR\",\"potentialAction\":[{\"@type\":\"ReadAction\",\"target\":[\"https:\/\/fdr.org.br\/uane\/prof-aurelio-nestor\/\"]}]},{\"@type\":\"ImageObject\",\"inLanguage\":\"pt-BR\",\"@id\":\"https:\/\/fdr.org.br\/uane\/prof-aurelio-nestor\/#primaryimage\",\"url\":\"https:\/\/fdr.org.br\/uane\/wp-content\/uploads\/sites\/13\/2025\/06\/profs6.png\",\"contentUrl\":\"https:\/\/fdr.org.br\/uane\/wp-content\/uploads\/sites\/13\/2025\/06\/profs6.png\",\"width\":1667,\"height\":1250},{\"@type\":\"BreadcrumbList\",\"@id\":\"https:\/\/fdr.org.br\/uane\/prof-aurelio-nestor\/#breadcrumb\",\"itemListElement\":[{\"@type\":\"ListItem\",\"position\":1,\"name\":\"Home\",\"item\":\"https:\/\/fdr.org.br\/uane\/\"},{\"@type\":\"ListItem\",\"position\":2,\"name\":\"Aur\u00e9lio Nestor\"}]},{\"@type\":\"WebSite\",\"@id\":\"https:\/\/fdr.org.br\/uane\/#website\",\"url\":\"https:\/\/fdr.org.br\/uane\/\",\"name\":\"UANE\",\"description\":\"A Universidade Aberta do Nordeste (Uane), da Funda\u00e7\u00e3o Dem\u00f3crito Rocha, oferece cursos em tr\u00eas categorias: extens\u00e3o, t\u00e9cnico e livre.\",\"potentialAction\":[{\"@type\":\"SearchAction\",\"target\":{\"@type\":\"EntryPoint\",\"urlTemplate\":\"https:\/\/fdr.org.br\/uane\/?s={search_term_string}\"},\"query-input\":\"required name=search_term_string\"}],\"inLanguage\":\"pt-BR\"}]}<\/script>\n<!-- \/ Yoast SEO plugin. -->","yoast_head_json":{"title":"Aur\u00e9lio Nestor - UANE","robots":{"index":"index","follow":"follow","max-snippet":"max-snippet:-1","max-image-preview":"max-image-preview:large","max-video-preview":"max-video-preview:-1"},"canonical":"https:\/\/fdr.org.br\/uane\/prof-aurelio-nestor\/","og_locale":"pt_BR","og_type":"article","og_title":"Aur\u00e9lio Nestor - UANE","og_description":"Pesquisador da Coordena\u00e7\u00e3o de Aperfei\u00e7oamento de Pessoal (CAPES)","og_url":"https:\/\/fdr.org.br\/uane\/prof-aurelio-nestor\/","og_site_name":"UANE","article_modified_time":"2025-08-22T16:50:05+00:00","og_image":[{"width":1667,"height":1250,"url":"https:\/\/fdr.org.br\/uane\/wp-content\/uploads\/sites\/13\/2025\/06\/profs6.png","type":"image\/png"}],"twitter_card":"summary_large_image","twitter_misc":{"Est. tempo de leitura":"1 minuto"},"schema":{"@context":"https:\/\/schema.org","@graph":[{"@type":"WebPage","@id":"https:\/\/fdr.org.br\/uane\/prof-aurelio-nestor\/","url":"https:\/\/fdr.org.br\/uane\/prof-aurelio-nestor\/","name":"Aur\u00e9lio Nestor - UANE","isPartOf":{"@id":"https:\/\/fdr.org.br\/uane\/#website"},"primaryImageOfPage":{"@id":"https:\/\/fdr.org.br\/uane\/prof-aurelio-nestor\/#primaryimage"},"image":{"@id":"https:\/\/fdr.org.br\/uane\/prof-aurelio-nestor\/#primaryimage"},"thumbnailUrl":"https:\/\/fdr.org.br\/uane\/wp-content\/uploads\/sites\/13\/2025\/06\/profs6.png","datePublished":"2025-05-29T19:33:13+00:00","dateModified":"2025-08-22T16:50:05+00:00","breadcrumb":{"@id":"https:\/\/fdr.org.br\/uane\/prof-aurelio-nestor\/#breadcrumb"},"inLanguage":"pt-BR","potentialAction":[{"@type":"ReadAction","target":["https:\/\/fdr.org.br\/uane\/prof-aurelio-nestor\/"]}]},{"@type":"ImageObject","inLanguage":"pt-BR","@id":"https:\/\/fdr.org.br\/uane\/prof-aurelio-nestor\/#primaryimage","url":"https:\/\/fdr.org.br\/uane\/wp-content\/uploads\/sites\/13\/2025\/06\/profs6.png","contentUrl":"https:\/\/fdr.org.br\/uane\/wp-content\/uploads\/sites\/13\/2025\/06\/profs6.png","width":1667,"height":1250},{"@type":"BreadcrumbList","@id":"https:\/\/fdr.org.br\/uane\/prof-aurelio-nestor\/#breadcrumb","itemListElement":[{"@type":"ListItem","position":1,"name":"Home","item":"https:\/\/fdr.org.br\/uane\/"},{"@type":"ListItem","position":2,"name":"Aur\u00e9lio Nestor"}]},{"@type":"WebSite","@id":"https:\/\/fdr.org.br\/uane\/#website","url":"https:\/\/fdr.org.br\/uane\/","name":"UANE","description":"A Universidade Aberta do Nordeste (Uane), da Funda\u00e7\u00e3o Dem\u00f3crito Rocha, oferece cursos em tr\u00eas categorias: extens\u00e3o, t\u00e9cnico e livre.","potentialAction":[{"@type":"SearchAction","target":{"@type":"EntryPoint","urlTemplate":"https:\/\/fdr.org.br\/uane\/?s={search_term_string}"},"query-input":"required name=search_term_string"}],"inLanguage":"pt-BR"}]}},"_links":{"self":[{"href":"https:\/\/fdr.org.br\/uane\/wp-json\/wp\/v2\/pages\/1177","targetHints":{"allow":["GET"]}}],"collection":[{"href":"https:\/\/fdr.org.br\/uane\/wp-json\/wp\/v2\/pages"}],"about":[{"href":"https:\/\/fdr.org.br\/uane\/wp-json\/wp\/v2\/types\/page"}],"author":[{"embeddable":true,"href":"https:\/\/fdr.org.br\/uane\/wp-json\/wp\/v2\/users\/22"}],"replies":[{"embeddable":true,"href":"https:\/\/fdr.org.br\/uane\/wp-json\/wp\/v2\/comments?post=1177"}],"version-history":[{"count":5,"href":"https:\/\/fdr.org.br\/uane\/wp-json\/wp\/v2\/pages\/1177\/revisions"}],"predecessor-version":[{"id":1448,"href":"https:\/\/fdr.org.br\/uane\/wp-json\/wp\/v2\/pages\/1177\/revisions\/1448"}],"wp:featuredmedia":[{"embeddable":true,"href":"https:\/\/fdr.org.br\/uane\/wp-json\/wp\/v2\/media\/1354"}],"wp:attachment":[{"href":"https:\/\/fdr.org.br\/uane\/wp-json\/wp\/v2\/media?parent=1177"}],"curies":[{"name":"wp","href":"https:\/\/api.w.org\/{rel}","templated":true}]}}