{"id":1194,"date":"2025-05-29T21:37:52","date_gmt":"2025-05-30T00:37:52","guid":{"rendered":"https:\/\/fdr.org.br\/uane\/?page_id=1194"},"modified":"2025-08-22T13:26:55","modified_gmt":"2025-08-22T16:26:55","slug":"profa-dra-milena-braz","status":"publish","type":"page","link":"https:\/\/fdr.org.br\/uane\/profa-dra-milena-braz\/","title":{"rendered":"Dr\u00aa Milena Braz"},"content":{"rendered":"","protected":false},"excerpt":{"rendered":"<p>Pesquisadora do Laborat\u00f3rio LEADERS\/UFC<\/p>\n","protected":false},"author":22,"featured_media":1355,"parent":0,"menu_order":0,"comment_status":"closed","ping_status":"closed","template":"","meta":[],"class_list":["post-1194","page","type-page","status-publish","has-post-thumbnail","hentry"],"yoast_head":"<!-- This site is optimized with the Yoast SEO plugin v23.3 - https:\/\/yoast.com\/wordpress\/plugins\/seo\/ -->\n<title>Dr\u00aa Milena Braz - UANE<\/title>\n<meta name=\"robots\" content=\"index, follow, max-snippet:-1, max-image-preview:large, max-video-preview:-1\" \/>\n<link rel=\"canonical\" href=\"https:\/\/fdr.org.br\/uane\/profa-dra-milena-braz\/\" \/>\n<meta property=\"og:locale\" content=\"pt_BR\" \/>\n<meta property=\"og:type\" content=\"article\" \/>\n<meta property=\"og:title\" content=\"Dr\u00aa Milena Braz - UANE\" \/>\n<meta property=\"og:description\" content=\"Pesquisadora do Laborat\u00f3rio LEADERS\/UFC\" \/>\n<meta property=\"og:url\" content=\"https:\/\/fdr.org.br\/uane\/profa-dra-milena-braz\/\" \/>\n<meta property=\"og:site_name\" content=\"UANE\" \/>\n<meta property=\"article:modified_time\" content=\"2025-08-22T16:26:55+00:00\" \/>\n<meta property=\"og:image\" content=\"https:\/\/fdr.org.br\/uane\/wp-content\/uploads\/sites\/13\/2025\/06\/profs7.png\" \/>\n\t<meta property=\"og:image:width\" content=\"1667\" \/>\n\t<meta property=\"og:image:height\" content=\"1250\" \/>\n\t<meta property=\"og:image:type\" content=\"image\/png\" \/>\n<meta name=\"twitter:card\" content=\"summary_large_image\" \/>\n<meta name=\"twitter:label1\" content=\"Est. tempo de leitura\" \/>\n\t<meta name=\"twitter:data1\" content=\"1 minuto\" \/>\n<script type=\"application\/ld+json\" class=\"yoast-schema-graph\">{\"@context\":\"https:\/\/schema.org\",\"@graph\":[{\"@type\":\"WebPage\",\"@id\":\"https:\/\/fdr.org.br\/uane\/profa-dra-milena-braz\/\",\"url\":\"https:\/\/fdr.org.br\/uane\/profa-dra-milena-braz\/\",\"name\":\"Dr\u00aa Milena Braz - UANE\",\"isPartOf\":{\"@id\":\"https:\/\/fdr.org.br\/uane\/#website\"},\"primaryImageOfPage\":{\"@id\":\"https:\/\/fdr.org.br\/uane\/profa-dra-milena-braz\/#primaryimage\"},\"image\":{\"@id\":\"https:\/\/fdr.org.br\/uane\/profa-dra-milena-braz\/#primaryimage\"},\"thumbnailUrl\":\"https:\/\/fdr.org.br\/uane\/wp-content\/uploads\/sites\/13\/2025\/06\/profs7.png\",\"datePublished\":\"2025-05-30T00:37:52+00:00\",\"dateModified\":\"2025-08-22T16:26:55+00:00\",\"breadcrumb\":{\"@id\":\"https:\/\/fdr.org.br\/uane\/profa-dra-milena-braz\/#breadcrumb\"},\"inLanguage\":\"pt-BR\",\"potentialAction\":[{\"@type\":\"ReadAction\",\"target\":[\"https:\/\/fdr.org.br\/uane\/profa-dra-milena-braz\/\"]}]},{\"@type\":\"ImageObject\",\"inLanguage\":\"pt-BR\",\"@id\":\"https:\/\/fdr.org.br\/uane\/profa-dra-milena-braz\/#primaryimage\",\"url\":\"https:\/\/fdr.org.br\/uane\/wp-content\/uploads\/sites\/13\/2025\/06\/profs7.png\",\"contentUrl\":\"https:\/\/fdr.org.br\/uane\/wp-content\/uploads\/sites\/13\/2025\/06\/profs7.png\",\"width\":1667,\"height\":1250},{\"@type\":\"BreadcrumbList\",\"@id\":\"https:\/\/fdr.org.br\/uane\/profa-dra-milena-braz\/#breadcrumb\",\"itemListElement\":[{\"@type\":\"ListItem\",\"position\":1,\"name\":\"Home\",\"item\":\"https:\/\/fdr.org.br\/uane\/\"},{\"@type\":\"ListItem\",\"position\":2,\"name\":\"Dr\u00aa Milena Braz\"}]},{\"@type\":\"WebSite\",\"@id\":\"https:\/\/fdr.org.br\/uane\/#website\",\"url\":\"https:\/\/fdr.org.br\/uane\/\",\"name\":\"UANE\",\"description\":\"A Universidade Aberta do Nordeste (Uane), da Funda\u00e7\u00e3o Dem\u00f3crito Rocha, oferece cursos em tr\u00eas categorias: extens\u00e3o, t\u00e9cnico e livre.\",\"potentialAction\":[{\"@type\":\"SearchAction\",\"target\":{\"@type\":\"EntryPoint\",\"urlTemplate\":\"https:\/\/fdr.org.br\/uane\/?s={search_term_string}\"},\"query-input\":\"required name=search_term_string\"}],\"inLanguage\":\"pt-BR\"}]}<\/script>\n<!-- \/ Yoast SEO plugin. -->","yoast_head_json":{"title":"Dr\u00aa Milena Braz - UANE","robots":{"index":"index","follow":"follow","max-snippet":"max-snippet:-1","max-image-preview":"max-image-preview:large","max-video-preview":"max-video-preview:-1"},"canonical":"https:\/\/fdr.org.br\/uane\/profa-dra-milena-braz\/","og_locale":"pt_BR","og_type":"article","og_title":"Dr\u00aa Milena Braz - UANE","og_description":"Pesquisadora do Laborat\u00f3rio LEADERS\/UFC","og_url":"https:\/\/fdr.org.br\/uane\/profa-dra-milena-braz\/","og_site_name":"UANE","article_modified_time":"2025-08-22T16:26:55+00:00","og_image":[{"width":1667,"height":1250,"url":"https:\/\/fdr.org.br\/uane\/wp-content\/uploads\/sites\/13\/2025\/06\/profs7.png","type":"image\/png"}],"twitter_card":"summary_large_image","twitter_misc":{"Est. tempo de leitura":"1 minuto"},"schema":{"@context":"https:\/\/schema.org","@graph":[{"@type":"WebPage","@id":"https:\/\/fdr.org.br\/uane\/profa-dra-milena-braz\/","url":"https:\/\/fdr.org.br\/uane\/profa-dra-milena-braz\/","name":"Dr\u00aa Milena Braz - UANE","isPartOf":{"@id":"https:\/\/fdr.org.br\/uane\/#website"},"primaryImageOfPage":{"@id":"https:\/\/fdr.org.br\/uane\/profa-dra-milena-braz\/#primaryimage"},"image":{"@id":"https:\/\/fdr.org.br\/uane\/profa-dra-milena-braz\/#primaryimage"},"thumbnailUrl":"https:\/\/fdr.org.br\/uane\/wp-content\/uploads\/sites\/13\/2025\/06\/profs7.png","datePublished":"2025-05-30T00:37:52+00:00","dateModified":"2025-08-22T16:26:55+00:00","breadcrumb":{"@id":"https:\/\/fdr.org.br\/uane\/profa-dra-milena-braz\/#breadcrumb"},"inLanguage":"pt-BR","potentialAction":[{"@type":"ReadAction","target":["https:\/\/fdr.org.br\/uane\/profa-dra-milena-braz\/"]}]},{"@type":"ImageObject","inLanguage":"pt-BR","@id":"https:\/\/fdr.org.br\/uane\/profa-dra-milena-braz\/#primaryimage","url":"https:\/\/fdr.org.br\/uane\/wp-content\/uploads\/sites\/13\/2025\/06\/profs7.png","contentUrl":"https:\/\/fdr.org.br\/uane\/wp-content\/uploads\/sites\/13\/2025\/06\/profs7.png","width":1667,"height":1250},{"@type":"BreadcrumbList","@id":"https:\/\/fdr.org.br\/uane\/profa-dra-milena-braz\/#breadcrumb","itemListElement":[{"@type":"ListItem","position":1,"name":"Home","item":"https:\/\/fdr.org.br\/uane\/"},{"@type":"ListItem","position":2,"name":"Dr\u00aa Milena Braz"}]},{"@type":"WebSite","@id":"https:\/\/fdr.org.br\/uane\/#website","url":"https:\/\/fdr.org.br\/uane\/","name":"UANE","description":"A Universidade Aberta do Nordeste (Uane), da Funda\u00e7\u00e3o Dem\u00f3crito Rocha, oferece cursos em tr\u00eas categorias: extens\u00e3o, t\u00e9cnico e livre.","potentialAction":[{"@type":"SearchAction","target":{"@type":"EntryPoint","urlTemplate":"https:\/\/fdr.org.br\/uane\/?s={search_term_string}"},"query-input":"required name=search_term_string"}],"inLanguage":"pt-BR"}]}},"_links":{"self":[{"href":"https:\/\/fdr.org.br\/uane\/wp-json\/wp\/v2\/pages\/1194","targetHints":{"allow":["GET"]}}],"collection":[{"href":"https:\/\/fdr.org.br\/uane\/wp-json\/wp\/v2\/pages"}],"about":[{"href":"https:\/\/fdr.org.br\/uane\/wp-json\/wp\/v2\/types\/page"}],"author":[{"embeddable":true,"href":"https:\/\/fdr.org.br\/uane\/wp-json\/wp\/v2\/users\/22"}],"replies":[{"embeddable":true,"href":"https:\/\/fdr.org.br\/uane\/wp-json\/wp\/v2\/comments?post=1194"}],"version-history":[{"count":4,"href":"https:\/\/fdr.org.br\/uane\/wp-json\/wp\/v2\/pages\/1194\/revisions"}],"predecessor-version":[{"id":1444,"href":"https:\/\/fdr.org.br\/uane\/wp-json\/wp\/v2\/pages\/1194\/revisions\/1444"}],"wp:featuredmedia":[{"embeddable":true,"href":"https:\/\/fdr.org.br\/uane\/wp-json\/wp\/v2\/media\/1355"}],"wp:attachment":[{"href":"https:\/\/fdr.org.br\/uane\/wp-json\/wp\/v2\/media?parent=1194"}],"curies":[{"name":"wp","href":"https:\/\/api.w.org\/{rel}","templated":true}]}}