{"id":1500,"date":"2025-09-17T16:15:09","date_gmt":"2025-09-17T19:15:09","guid":{"rendered":"https:\/\/fdr.org.br\/uane\/?page_id=1500"},"modified":"2025-09-17T16:17:43","modified_gmt":"2025-09-17T19:17:43","slug":"liana-lima-rocha","status":"publish","type":"page","link":"https:\/\/fdr.org.br\/uane\/liana-lima-rocha\/","title":{"rendered":"Liana Lima Rocha"},"content":{"rendered":"","protected":false},"excerpt":{"rendered":"<p>Professora de Educa\u00e7\u00e3o F\u00edsica da Secretaria da Educa\u00e7\u00e3o do Cear\u00e1<\/p>\n","protected":false},"author":22,"featured_media":1501,"parent":0,"menu_order":0,"comment_status":"closed","ping_status":"closed","template":"","meta":[],"class_list":["post-1500","page","type-page","status-publish","has-post-thumbnail","hentry"],"yoast_head":"<!-- This site is optimized with the Yoast SEO plugin v23.3 - https:\/\/yoast.com\/wordpress\/plugins\/seo\/ -->\n<title>Liana Lima Rocha - UANE<\/title>\n<meta name=\"robots\" content=\"index, follow, max-snippet:-1, max-image-preview:large, max-video-preview:-1\" \/>\n<link rel=\"canonical\" href=\"https:\/\/fdr.org.br\/uane\/liana-lima-rocha\/\" \/>\n<meta property=\"og:locale\" content=\"pt_BR\" \/>\n<meta property=\"og:type\" content=\"article\" \/>\n<meta property=\"og:title\" content=\"Liana Lima Rocha - UANE\" \/>\n<meta property=\"og:description\" content=\"Professora de Educa\u00e7\u00e3o F\u00edsica da Secretaria da Educa\u00e7\u00e3o do Cear\u00e1\" \/>\n<meta property=\"og:url\" content=\"https:\/\/fdr.org.br\/uane\/liana-lima-rocha\/\" \/>\n<meta property=\"og:site_name\" content=\"UANE\" \/>\n<meta property=\"article:modified_time\" content=\"2025-09-17T19:17:43+00:00\" \/>\n<meta property=\"og:image\" content=\"https:\/\/fdr.org.br\/uane\/wp-content\/uploads\/sites\/13\/2025\/09\/Liana.png\" \/>\n\t<meta property=\"og:image:width\" content=\"852\" \/>\n\t<meta property=\"og:image:height\" content=\"1050\" \/>\n\t<meta property=\"og:image:type\" content=\"image\/png\" \/>\n<meta name=\"twitter:card\" content=\"summary_large_image\" \/>\n<meta name=\"twitter:label1\" content=\"Est. tempo de leitura\" \/>\n\t<meta name=\"twitter:data1\" content=\"1 minuto\" \/>\n<script type=\"application\/ld+json\" class=\"yoast-schema-graph\">{\"@context\":\"https:\/\/schema.org\",\"@graph\":[{\"@type\":\"WebPage\",\"@id\":\"https:\/\/fdr.org.br\/uane\/liana-lima-rocha\/\",\"url\":\"https:\/\/fdr.org.br\/uane\/liana-lima-rocha\/\",\"name\":\"Liana Lima Rocha - UANE\",\"isPartOf\":{\"@id\":\"https:\/\/fdr.org.br\/uane\/#website\"},\"primaryImageOfPage\":{\"@id\":\"https:\/\/fdr.org.br\/uane\/liana-lima-rocha\/#primaryimage\"},\"image\":{\"@id\":\"https:\/\/fdr.org.br\/uane\/liana-lima-rocha\/#primaryimage\"},\"thumbnailUrl\":\"https:\/\/fdr.org.br\/uane\/wp-content\/uploads\/sites\/13\/2025\/09\/Liana-e1758137082768.png\",\"datePublished\":\"2025-09-17T19:15:09+00:00\",\"dateModified\":\"2025-09-17T19:17:43+00:00\",\"breadcrumb\":{\"@id\":\"https:\/\/fdr.org.br\/uane\/liana-lima-rocha\/#breadcrumb\"},\"inLanguage\":\"pt-BR\",\"potentialAction\":[{\"@type\":\"ReadAction\",\"target\":[\"https:\/\/fdr.org.br\/uane\/liana-lima-rocha\/\"]}]},{\"@type\":\"ImageObject\",\"inLanguage\":\"pt-BR\",\"@id\":\"https:\/\/fdr.org.br\/uane\/liana-lima-rocha\/#primaryimage\",\"url\":\"https:\/\/fdr.org.br\/uane\/wp-content\/uploads\/sites\/13\/2025\/09\/Liana-e1758137082768.png\",\"contentUrl\":\"https:\/\/fdr.org.br\/uane\/wp-content\/uploads\/sites\/13\/2025\/09\/Liana-e1758137082768.png\",\"width\":852,\"height\":872},{\"@type\":\"BreadcrumbList\",\"@id\":\"https:\/\/fdr.org.br\/uane\/liana-lima-rocha\/#breadcrumb\",\"itemListElement\":[{\"@type\":\"ListItem\",\"position\":1,\"name\":\"Home\",\"item\":\"https:\/\/fdr.org.br\/uane\/\"},{\"@type\":\"ListItem\",\"position\":2,\"name\":\"Liana Lima Rocha\"}]},{\"@type\":\"WebSite\",\"@id\":\"https:\/\/fdr.org.br\/uane\/#website\",\"url\":\"https:\/\/fdr.org.br\/uane\/\",\"name\":\"UANE\",\"description\":\"A Universidade Aberta do Nordeste (Uane), da Funda\u00e7\u00e3o Dem\u00f3crito Rocha, oferece cursos em tr\u00eas categorias: extens\u00e3o, t\u00e9cnico e livre.\",\"potentialAction\":[{\"@type\":\"SearchAction\",\"target\":{\"@type\":\"EntryPoint\",\"urlTemplate\":\"https:\/\/fdr.org.br\/uane\/?s={search_term_string}\"},\"query-input\":\"required name=search_term_string\"}],\"inLanguage\":\"pt-BR\"}]}<\/script>\n<!-- \/ Yoast SEO plugin. -->","yoast_head_json":{"title":"Liana Lima Rocha - UANE","robots":{"index":"index","follow":"follow","max-snippet":"max-snippet:-1","max-image-preview":"max-image-preview:large","max-video-preview":"max-video-preview:-1"},"canonical":"https:\/\/fdr.org.br\/uane\/liana-lima-rocha\/","og_locale":"pt_BR","og_type":"article","og_title":"Liana Lima Rocha - UANE","og_description":"Professora de Educa\u00e7\u00e3o F\u00edsica da Secretaria da Educa\u00e7\u00e3o do Cear\u00e1","og_url":"https:\/\/fdr.org.br\/uane\/liana-lima-rocha\/","og_site_name":"UANE","article_modified_time":"2025-09-17T19:17:43+00:00","og_image":[{"width":852,"height":1050,"url":"https:\/\/fdr.org.br\/uane\/wp-content\/uploads\/sites\/13\/2025\/09\/Liana.png","type":"image\/png"}],"twitter_card":"summary_large_image","twitter_misc":{"Est. tempo de leitura":"1 minuto"},"schema":{"@context":"https:\/\/schema.org","@graph":[{"@type":"WebPage","@id":"https:\/\/fdr.org.br\/uane\/liana-lima-rocha\/","url":"https:\/\/fdr.org.br\/uane\/liana-lima-rocha\/","name":"Liana Lima Rocha - UANE","isPartOf":{"@id":"https:\/\/fdr.org.br\/uane\/#website"},"primaryImageOfPage":{"@id":"https:\/\/fdr.org.br\/uane\/liana-lima-rocha\/#primaryimage"},"image":{"@id":"https:\/\/fdr.org.br\/uane\/liana-lima-rocha\/#primaryimage"},"thumbnailUrl":"https:\/\/fdr.org.br\/uane\/wp-content\/uploads\/sites\/13\/2025\/09\/Liana-e1758137082768.png","datePublished":"2025-09-17T19:15:09+00:00","dateModified":"2025-09-17T19:17:43+00:00","breadcrumb":{"@id":"https:\/\/fdr.org.br\/uane\/liana-lima-rocha\/#breadcrumb"},"inLanguage":"pt-BR","potentialAction":[{"@type":"ReadAction","target":["https:\/\/fdr.org.br\/uane\/liana-lima-rocha\/"]}]},{"@type":"ImageObject","inLanguage":"pt-BR","@id":"https:\/\/fdr.org.br\/uane\/liana-lima-rocha\/#primaryimage","url":"https:\/\/fdr.org.br\/uane\/wp-content\/uploads\/sites\/13\/2025\/09\/Liana-e1758137082768.png","contentUrl":"https:\/\/fdr.org.br\/uane\/wp-content\/uploads\/sites\/13\/2025\/09\/Liana-e1758137082768.png","width":852,"height":872},{"@type":"BreadcrumbList","@id":"https:\/\/fdr.org.br\/uane\/liana-lima-rocha\/#breadcrumb","itemListElement":[{"@type":"ListItem","position":1,"name":"Home","item":"https:\/\/fdr.org.br\/uane\/"},{"@type":"ListItem","position":2,"name":"Liana Lima Rocha"}]},{"@type":"WebSite","@id":"https:\/\/fdr.org.br\/uane\/#website","url":"https:\/\/fdr.org.br\/uane\/","name":"UANE","description":"A Universidade Aberta do Nordeste (Uane), da Funda\u00e7\u00e3o Dem\u00f3crito Rocha, oferece cursos em tr\u00eas categorias: extens\u00e3o, t\u00e9cnico e livre.","potentialAction":[{"@type":"SearchAction","target":{"@type":"EntryPoint","urlTemplate":"https:\/\/fdr.org.br\/uane\/?s={search_term_string}"},"query-input":"required name=search_term_string"}],"inLanguage":"pt-BR"}]}},"_links":{"self":[{"href":"https:\/\/fdr.org.br\/uane\/wp-json\/wp\/v2\/pages\/1500","targetHints":{"allow":["GET"]}}],"collection":[{"href":"https:\/\/fdr.org.br\/uane\/wp-json\/wp\/v2\/pages"}],"about":[{"href":"https:\/\/fdr.org.br\/uane\/wp-json\/wp\/v2\/types\/page"}],"author":[{"embeddable":true,"href":"https:\/\/fdr.org.br\/uane\/wp-json\/wp\/v2\/users\/22"}],"replies":[{"embeddable":true,"href":"https:\/\/fdr.org.br\/uane\/wp-json\/wp\/v2\/comments?post=1500"}],"version-history":[{"count":2,"href":"https:\/\/fdr.org.br\/uane\/wp-json\/wp\/v2\/pages\/1500\/revisions"}],"predecessor-version":[{"id":1503,"href":"https:\/\/fdr.org.br\/uane\/wp-json\/wp\/v2\/pages\/1500\/revisions\/1503"}],"wp:featuredmedia":[{"embeddable":true,"href":"https:\/\/fdr.org.br\/uane\/wp-json\/wp\/v2\/media\/1501"}],"wp:attachment":[{"href":"https:\/\/fdr.org.br\/uane\/wp-json\/wp\/v2\/media?parent=1500"}],"curies":[{"name":"wp","href":"https:\/\/api.w.org\/{rel}","templated":true}]}}