{"id":1504,"date":"2025-09-17T16:31:35","date_gmt":"2025-09-17T19:31:35","guid":{"rendered":"https:\/\/fdr.org.br\/uane\/?page_id=1504"},"modified":"2026-04-09T17:17:08","modified_gmt":"2026-04-09T20:17:08","slug":"bartira-pereira-palma","status":"publish","type":"page","link":"https:\/\/fdr.org.br\/uane\/bartira-pereira-palma\/","title":{"rendered":"Bartira Pereira Palma"},"content":{"rendered":"","protected":false},"excerpt":{"rendered":"<p>Integra o Laborat\u00f3rio de Estudos em Pedagogia do Esporte<\/p>\n","protected":false},"author":22,"featured_media":1505,"parent":0,"menu_order":0,"comment_status":"closed","ping_status":"closed","template":"","meta":[],"class_list":["post-1504","page","type-page","status-publish","has-post-thumbnail","hentry"],"yoast_head":"<!-- This site is optimized with the Yoast SEO plugin v23.3 - https:\/\/yoast.com\/wordpress\/plugins\/seo\/ -->\n<title>Bartira Pereira Palma - UANE<\/title>\n<meta name=\"robots\" content=\"index, follow, max-snippet:-1, max-image-preview:large, max-video-preview:-1\" \/>\n<link rel=\"canonical\" href=\"https:\/\/fdr.org.br\/uane\/bartira-pereira-palma\/\" \/>\n<meta property=\"og:locale\" content=\"pt_BR\" \/>\n<meta property=\"og:type\" content=\"article\" \/>\n<meta property=\"og:title\" content=\"Bartira Pereira Palma - UANE\" \/>\n<meta property=\"og:description\" content=\"Integra o Laborat\u00f3rio de Estudos em Pedagogia do Esporte\" \/>\n<meta property=\"og:url\" content=\"https:\/\/fdr.org.br\/uane\/bartira-pereira-palma\/\" \/>\n<meta property=\"og:site_name\" content=\"UANE\" \/>\n<meta property=\"article:modified_time\" content=\"2026-04-09T20:17:08+00:00\" \/>\n<meta property=\"og:image\" content=\"https:\/\/fdr.org.br\/uane\/wp-content\/uploads\/sites\/13\/2025\/09\/Bartira-1.png\" \/>\n\t<meta property=\"og:image:width\" content=\"852\" \/>\n\t<meta property=\"og:image:height\" content=\"1050\" \/>\n\t<meta property=\"og:image:type\" content=\"image\/png\" \/>\n<meta name=\"twitter:card\" content=\"summary_large_image\" \/>\n<script type=\"application\/ld+json\" class=\"yoast-schema-graph\">{\"@context\":\"https:\/\/schema.org\",\"@graph\":[{\"@type\":\"WebPage\",\"@id\":\"https:\/\/fdr.org.br\/uane\/bartira-pereira-palma\/\",\"url\":\"https:\/\/fdr.org.br\/uane\/bartira-pereira-palma\/\",\"name\":\"Bartira Pereira Palma - UANE\",\"isPartOf\":{\"@id\":\"https:\/\/fdr.org.br\/uane\/#website\"},\"primaryImageOfPage\":{\"@id\":\"https:\/\/fdr.org.br\/uane\/bartira-pereira-palma\/#primaryimage\"},\"image\":{\"@id\":\"https:\/\/fdr.org.br\/uane\/bartira-pereira-palma\/#primaryimage\"},\"thumbnailUrl\":\"https:\/\/fdr.org.br\/uane\/wp-content\/uploads\/sites\/13\/2025\/09\/Bartira-1.png\",\"datePublished\":\"2025-09-17T19:31:35+00:00\",\"dateModified\":\"2026-04-09T20:17:08+00:00\",\"breadcrumb\":{\"@id\":\"https:\/\/fdr.org.br\/uane\/bartira-pereira-palma\/#breadcrumb\"},\"inLanguage\":\"pt-BR\",\"potentialAction\":[{\"@type\":\"ReadAction\",\"target\":[\"https:\/\/fdr.org.br\/uane\/bartira-pereira-palma\/\"]}]},{\"@type\":\"ImageObject\",\"inLanguage\":\"pt-BR\",\"@id\":\"https:\/\/fdr.org.br\/uane\/bartira-pereira-palma\/#primaryimage\",\"url\":\"https:\/\/fdr.org.br\/uane\/wp-content\/uploads\/sites\/13\/2025\/09\/Bartira-1.png\",\"contentUrl\":\"https:\/\/fdr.org.br\/uane\/wp-content\/uploads\/sites\/13\/2025\/09\/Bartira-1.png\",\"width\":852,\"height\":1050},{\"@type\":\"BreadcrumbList\",\"@id\":\"https:\/\/fdr.org.br\/uane\/bartira-pereira-palma\/#breadcrumb\",\"itemListElement\":[{\"@type\":\"ListItem\",\"position\":1,\"name\":\"Home\",\"item\":\"https:\/\/fdr.org.br\/uane\/\"},{\"@type\":\"ListItem\",\"position\":2,\"name\":\"Bartira Pereira Palma\"}]},{\"@type\":\"WebSite\",\"@id\":\"https:\/\/fdr.org.br\/uane\/#website\",\"url\":\"https:\/\/fdr.org.br\/uane\/\",\"name\":\"UANE\",\"description\":\"A Universidade Aberta do Nordeste (Uane), da Funda\u00e7\u00e3o Dem\u00f3crito Rocha, oferece cursos em tr\u00eas categorias: extens\u00e3o, t\u00e9cnico e livre.\",\"potentialAction\":[{\"@type\":\"SearchAction\",\"target\":{\"@type\":\"EntryPoint\",\"urlTemplate\":\"https:\/\/fdr.org.br\/uane\/?s={search_term_string}\"},\"query-input\":\"required name=search_term_string\"}],\"inLanguage\":\"pt-BR\"}]}<\/script>\n<!-- \/ Yoast SEO plugin. -->","yoast_head_json":{"title":"Bartira Pereira Palma - UANE","robots":{"index":"index","follow":"follow","max-snippet":"max-snippet:-1","max-image-preview":"max-image-preview:large","max-video-preview":"max-video-preview:-1"},"canonical":"https:\/\/fdr.org.br\/uane\/bartira-pereira-palma\/","og_locale":"pt_BR","og_type":"article","og_title":"Bartira Pereira Palma - UANE","og_description":"Integra o Laborat\u00f3rio de Estudos em Pedagogia do Esporte","og_url":"https:\/\/fdr.org.br\/uane\/bartira-pereira-palma\/","og_site_name":"UANE","article_modified_time":"2026-04-09T20:17:08+00:00","og_image":[{"width":852,"height":1050,"url":"https:\/\/fdr.org.br\/uane\/wp-content\/uploads\/sites\/13\/2025\/09\/Bartira-1.png","type":"image\/png"}],"twitter_card":"summary_large_image","schema":{"@context":"https:\/\/schema.org","@graph":[{"@type":"WebPage","@id":"https:\/\/fdr.org.br\/uane\/bartira-pereira-palma\/","url":"https:\/\/fdr.org.br\/uane\/bartira-pereira-palma\/","name":"Bartira Pereira Palma - UANE","isPartOf":{"@id":"https:\/\/fdr.org.br\/uane\/#website"},"primaryImageOfPage":{"@id":"https:\/\/fdr.org.br\/uane\/bartira-pereira-palma\/#primaryimage"},"image":{"@id":"https:\/\/fdr.org.br\/uane\/bartira-pereira-palma\/#primaryimage"},"thumbnailUrl":"https:\/\/fdr.org.br\/uane\/wp-content\/uploads\/sites\/13\/2025\/09\/Bartira-1.png","datePublished":"2025-09-17T19:31:35+00:00","dateModified":"2026-04-09T20:17:08+00:00","breadcrumb":{"@id":"https:\/\/fdr.org.br\/uane\/bartira-pereira-palma\/#breadcrumb"},"inLanguage":"pt-BR","potentialAction":[{"@type":"ReadAction","target":["https:\/\/fdr.org.br\/uane\/bartira-pereira-palma\/"]}]},{"@type":"ImageObject","inLanguage":"pt-BR","@id":"https:\/\/fdr.org.br\/uane\/bartira-pereira-palma\/#primaryimage","url":"https:\/\/fdr.org.br\/uane\/wp-content\/uploads\/sites\/13\/2025\/09\/Bartira-1.png","contentUrl":"https:\/\/fdr.org.br\/uane\/wp-content\/uploads\/sites\/13\/2025\/09\/Bartira-1.png","width":852,"height":1050},{"@type":"BreadcrumbList","@id":"https:\/\/fdr.org.br\/uane\/bartira-pereira-palma\/#breadcrumb","itemListElement":[{"@type":"ListItem","position":1,"name":"Home","item":"https:\/\/fdr.org.br\/uane\/"},{"@type":"ListItem","position":2,"name":"Bartira Pereira Palma"}]},{"@type":"WebSite","@id":"https:\/\/fdr.org.br\/uane\/#website","url":"https:\/\/fdr.org.br\/uane\/","name":"UANE","description":"A Universidade Aberta do Nordeste (Uane), da Funda\u00e7\u00e3o Dem\u00f3crito Rocha, oferece cursos em tr\u00eas categorias: extens\u00e3o, t\u00e9cnico e livre.","potentialAction":[{"@type":"SearchAction","target":{"@type":"EntryPoint","urlTemplate":"https:\/\/fdr.org.br\/uane\/?s={search_term_string}"},"query-input":"required name=search_term_string"}],"inLanguage":"pt-BR"}]}},"_links":{"self":[{"href":"https:\/\/fdr.org.br\/uane\/wp-json\/wp\/v2\/pages\/1504","targetHints":{"allow":["GET"]}}],"collection":[{"href":"https:\/\/fdr.org.br\/uane\/wp-json\/wp\/v2\/pages"}],"about":[{"href":"https:\/\/fdr.org.br\/uane\/wp-json\/wp\/v2\/types\/page"}],"author":[{"embeddable":true,"href":"https:\/\/fdr.org.br\/uane\/wp-json\/wp\/v2\/users\/22"}],"replies":[{"embeddable":true,"href":"https:\/\/fdr.org.br\/uane\/wp-json\/wp\/v2\/comments?post=1504"}],"version-history":[{"count":3,"href":"https:\/\/fdr.org.br\/uane\/wp-json\/wp\/v2\/pages\/1504\/revisions"}],"predecessor-version":[{"id":1511,"href":"https:\/\/fdr.org.br\/uane\/wp-json\/wp\/v2\/pages\/1504\/revisions\/1511"}],"wp:featuredmedia":[{"embeddable":true,"href":"https:\/\/fdr.org.br\/uane\/wp-json\/wp\/v2\/media\/1505"}],"wp:attachment":[{"href":"https:\/\/fdr.org.br\/uane\/wp-json\/wp\/v2\/media?parent=1504"}],"curies":[{"name":"wp","href":"https:\/\/api.w.org\/{rel}","templated":true}]}}